{"id":2350,"date":"2017-01-25T13:11:13","date_gmt":"2017-01-25T21:11:13","guid":{"rendered":"https:\/\/centralcityhealth.org\/es\/?page_id=2350"},"modified":"2020-01-20T00:45:11","modified_gmt":"2020-01-20T08:45:11","slug":"pediatria","status":"publish","type":"page","link":"https:\/\/centralcityhealth.org\/es\/servicios\/pediatria\/","title":{"rendered":"Pediatr\u00eda"},"content":{"rendered":"\t\t<div data-elementor-type=\"wp-page\" data-elementor-id=\"2350\" class=\"elementor elementor-2350\" data-elementor-settings=\"[]\">\n\t\t\t\t\t\t<div class=\"elementor-inner\">\n\t\t\t\t\t\t\t<div class=\"elementor-section-wrap\">\n\t\t\t\t\t\t\t<section class=\"elementor-section elementor-top-section elementor-element elementor-element-35f80a25 elementor-section-boxed elementor-section-height-default elementor-section-height-default\" data-id=\"35f80a25\" data-element_type=\"section\">\n\t\t\t\t\t\t<div class=\"elementor-container elementor-column-gap-default\">\n\t\t\t\t\t\t\t<div class=\"elementor-row\">\n\t\t\t\t\t<div class=\"elementor-column elementor-col-100 elementor-top-column elementor-element elementor-element-1dd3e06c\" data-id=\"1dd3e06c\" data-element_type=\"column\">\n\t\t\t<div class=\"elementor-column-wrap elementor-element-populated\">\n\t\t\t\t\t\t\t<div class=\"elementor-widget-wrap\">\n\t\t\t\t\t\t<div class=\"elementor-element elementor-element-628eb92a elementor-widget elementor-widget-text-editor\" data-id=\"628eb92a\" data-element_type=\"widget\" data-widget_type=\"text-editor.default\">\n\t\t\t\t<div class=\"elementor-widget-container\">\n\t\t\t\t\t<div class=\"elementor-text-editor elementor-clearfix\"><p><div id='gallery-1' class='gallery galleryid-2350 gallery-columns-3 gallery-size-large'><figure class='gallery-item'>\n\t\t\t<div class='gallery-icon landscape'>\n\t\t\t\t<a href='https:\/\/centralcityhealth.org\/es\/servicios\/pediatria\/pediatrics2\/'><img loading=\"lazy\" decoding=\"async\" width=\"1200\" height=\"662\" src=\"https:\/\/centralcityhealth.org\/es\/wp-content\/uploads\/2017\/01\/Pediatrics2-1600x882.jpg\" class=\"attachment-large size-large\" alt=\"Image of cute Dr holding red heart and children playind doctor for Pediatrics at CCCHC\" srcset=\"https:\/\/centralcityhealth.org\/es\/wp-content\/uploads\/2017\/01\/Pediatrics2.jpg 1600w, https:\/\/centralcityhealth.org\/es\/wp-content\/uploads\/2017\/01\/Pediatrics2-300x165.jpg 300w, https:\/\/centralcityhealth.org\/es\/wp-content\/uploads\/2017\/01\/Pediatrics2-768x423.jpg 768w\" sizes=\"(max-width: 1200px) 100vw, 1200px\" \/><\/a>\n\t\t\t<\/div><\/figure>\n\t\t<\/div>\n<\/p><h2>Cuidado pedi\u00e1trico<\/h2><p>Central City Community Health Center ofrece servicios pedi\u00e1tricos para beb\u00e9s, ni\u00f1os y adolescentes para ayudar con sus necesidades de atenci\u00f3n m\u00e9dica.<\/p><p>Nuestro equipo m\u00e9dico pedi\u00e1trico ofrece servicios en lo siguiente:<\/p><table border=\"0\" width=\"1000\" cellspacing=\"2\" cellpadding=\"2\"><tbody><tr><td>Chequeo<br \/>F\u00edsicos anuales<br \/>Ex\u00e1menes f\u00edsicos Deportivos<\/td><td style=\"text-align: left;\">Inmunizaciones de rutina<br \/>Cita de visita por enfermedad<br \/>Servicios dentales pedi\u00e1tricos en el sitio (en cl\u00ednicas seleccionadas de Central City)<\/td><\/tr><\/tbody><\/table><hr \/><p>\u00a1Cont\u00e1ctenos para hacer su cita hoy!<\/p><p>Llame a cualquiera de nuestros centros de salud cercanos a usted &#8211;\u00a0<a href=\"http:\/\/www.centralcityhealth.org\/es-old-site\/pacientes\/haga-su-cita\/\"><u>Directorio telef\u00f3nico<\/u><\/a><\/p><p>Para encontrar un centro de salud comunitario de Central City cerca de usted &#8211;\u00a0<a href=\"http:\/\/www.centralcityhealth.org\/es-old-site\/ubicaciones\/\"><u>Ubicaciones<\/u><\/a><\/p><hr \/><\/div>\n\t\t\t\t<\/div>\n\t\t\t\t<\/div>\n\t\t\t\t\t\t<\/div>\n\t\t\t\t\t<\/div>\n\t\t<\/div>\n\t\t\t\t\t\t\t\t<\/div>\n\t\t\t\t\t<\/div>\n\t\t<\/section>\n\t\t\t\t\t\t<\/div>\n\t\t\t\t\t\t<\/div>\n\t\t\t\t\t<\/div>\n\t\t","protected":false},"excerpt":{"rendered":"<p>Cuidado pedi\u00e1trico Central City Community Health Center ofrece servicios pedi\u00e1tricos para beb\u00e9s, ni\u00f1os y adolescentes para ayudar con sus necesidades de atenci\u00f3n m\u00e9dica. Nuestro equipo m\u00e9dico pedi\u00e1trico ofrece servicios en lo siguiente: Chequeo F\u00edsicos anuales Ex\u00e1menes f\u00edsicos Deportivos Inmunizaciones de rutina Cita de visita por enfermedad Servicios dentales pedi\u00e1tricos en el sitio (en cl\u00ednicas seleccionadas [&hellip;]<\/p>\n","protected":false},"author":1,"featured_media":0,"parent":1893,"menu_order":2,"comment_status":"closed","ping_status":"closed","template":"","meta":{"ocean_post_layout":"","ocean_both_sidebars_style":"","ocean_both_sidebars_content_width":0,"ocean_both_sidebars_sidebars_width":0,"ocean_sidebar":"0","ocean_second_sidebar":"0","ocean_disable_margins":"enable","ocean_add_body_class":"","ocean_shortcode_before_top_bar":"","ocean_shortcode_after_top_bar":"","ocean_shortcode_before_header":"","ocean_shortcode_after_header":"","ocean_has_shortcode":"","ocean_shortcode_after_title":"","ocean_shortcode_before_footer_widgets":"","ocean_shortcode_after_footer_widgets":"","ocean_shortcode_before_footer_bottom":"","ocean_shortcode_after_footer_bottom":"","ocean_display_top_bar":"default","ocean_display_header":"default","ocean_header_style":"","ocean_center_header_left_menu":"0","ocean_custom_header_template":"0","ocean_custom_logo":0,"ocean_custom_retina_logo":0,"ocean_custom_logo_max_width":0,"ocean_custom_logo_tablet_max_width":0,"ocean_custom_logo_mobile_max_width":0,"ocean_custom_logo_max_height":0,"ocean_custom_logo_tablet_max_height":0,"ocean_custom_logo_mobile_max_height":0,"ocean_header_custom_menu":"0","ocean_menu_typo_font_family":"0","ocean_menu_typo_font_subset":"","ocean_menu_typo_font_size":0,"ocean_menu_typo_font_size_tablet":0,"ocean_menu_typo_font_size_mobile":0,"ocean_menu_typo_font_size_unit":"px","ocean_menu_typo_font_weight":"","ocean_menu_typo_font_weight_tablet":"","ocean_menu_typo_font_weight_mobile":"","ocean_menu_typo_transform":"","ocean_menu_typo_transform_tablet":"","ocean_menu_typo_transform_mobile":"","ocean_menu_typo_line_height":0,"ocean_menu_typo_line_height_tablet":0,"ocean_menu_typo_line_height_mobile":0,"ocean_menu_typo_line_height_unit":"","ocean_menu_typo_spacing":0,"ocean_menu_typo_spacing_tablet":0,"ocean_menu_typo_spacing_mobile":0,"ocean_menu_typo_spacing_unit":"","ocean_menu_link_color":"","ocean_menu_link_color_hover":"","ocean_menu_link_color_active":"","ocean_menu_link_background":"","ocean_menu_link_hover_background":"","ocean_menu_link_active_background":"","ocean_menu_social_links_bg":"","ocean_menu_social_hover_links_bg":"","ocean_menu_social_links_color":"","ocean_menu_social_hover_links_color":"","ocean_disable_title":"default","ocean_disable_heading":"default","ocean_post_title":"","ocean_post_subheading":"","ocean_post_title_style":"","ocean_post_title_background_color":"","ocean_post_title_background":0,"ocean_post_title_bg_image_position":"","ocean_post_title_bg_image_attachment":"","ocean_post_title_bg_image_repeat":"","ocean_post_title_bg_image_size":"","ocean_post_title_height":0,"ocean_post_title_bg_overlay":0.5,"ocean_post_title_bg_overlay_color":"","ocean_disable_breadcrumbs":"default","ocean_breadcrumbs_color":"","ocean_breadcrumbs_separator_color":"","ocean_breadcrumbs_links_color":"","ocean_breadcrumbs_links_hover_color":"","ocean_display_footer_widgets":"default","ocean_display_footer_bottom":"default","ocean_custom_footer_template":"0","footnotes":""},"_links":{"self":[{"href":"https:\/\/centralcityhealth.org\/es\/wp-json\/wp\/v2\/pages\/2350"}],"collection":[{"href":"https:\/\/centralcityhealth.org\/es\/wp-json\/wp\/v2\/pages"}],"about":[{"href":"https:\/\/centralcityhealth.org\/es\/wp-json\/wp\/v2\/types\/page"}],"author":[{"embeddable":true,"href":"https:\/\/centralcityhealth.org\/es\/wp-json\/wp\/v2\/users\/1"}],"replies":[{"embeddable":true,"href":"https:\/\/centralcityhealth.org\/es\/wp-json\/wp\/v2\/comments?post=2350"}],"version-history":[{"count":27,"href":"https:\/\/centralcityhealth.org\/es\/wp-json\/wp\/v2\/pages\/2350\/revisions"}],"predecessor-version":[{"id":6413,"href":"https:\/\/centralcityhealth.org\/es\/wp-json\/wp\/v2\/pages\/2350\/revisions\/6413"}],"up":[{"embeddable":true,"href":"https:\/\/centralcityhealth.org\/es\/wp-json\/wp\/v2\/pages\/1893"}],"wp:attachment":[{"href":"https:\/\/centralcityhealth.org\/es\/wp-json\/wp\/v2\/media?parent=2350"}],"curies":[{"name":"wp","href":"https:\/\/api.w.org\/{rel}","templated":true}]}}