{"id":2356,"date":"2017-01-25T13:58:47","date_gmt":"2017-01-25T21:58:47","guid":{"rendered":"https:\/\/centralcityhealth.org\/es\/?page_id=2356"},"modified":"2020-01-20T00:24:30","modified_gmt":"2020-01-20T08:24:30","slug":"cuidado-primario","status":"publish","type":"page","link":"https:\/\/centralcityhealth.org\/es\/servicios\/cuidado-primario\/","title":{"rendered":"Cuidado primario"},"content":{"rendered":"\t\t<div data-elementor-type=\"wp-page\" data-elementor-id=\"2356\" class=\"elementor elementor-2356\" data-elementor-settings=\"[]\">\n\t\t\t\t\t\t<div class=\"elementor-inner\">\n\t\t\t\t\t\t\t<div class=\"elementor-section-wrap\">\n\t\t\t\t\t\t\t<section class=\"elementor-section elementor-top-section elementor-element elementor-element-b61dc6e elementor-section-boxed elementor-section-height-default elementor-section-height-default\" data-id=\"b61dc6e\" data-element_type=\"section\">\n\t\t\t\t\t\t<div class=\"elementor-container elementor-column-gap-default\">\n\t\t\t\t\t\t\t<div class=\"elementor-row\">\n\t\t\t\t\t<div class=\"elementor-column elementor-col-100 elementor-top-column elementor-element elementor-element-7d724cd\" data-id=\"7d724cd\" data-element_type=\"column\">\n\t\t\t<div class=\"elementor-column-wrap elementor-element-populated\">\n\t\t\t\t\t\t\t<div class=\"elementor-widget-wrap\">\n\t\t\t\t\t\t<div class=\"elementor-element elementor-element-4c662c37 elementor-widget elementor-widget-text-editor\" data-id=\"4c662c37\" data-element_type=\"widget\" data-widget_type=\"text-editor.default\">\n\t\t\t\t<div class=\"elementor-widget-container\">\n\t\t\t\t\t<div class=\"elementor-text-editor elementor-clearfix\"><p><div id='gallery-1' class='gallery galleryid-2356 gallery-columns-3 gallery-size-full'><figure class='gallery-item'>\n\t\t\t<div class='gallery-icon landscape'>\n\t\t\t\t<a href='https:\/\/centralcityhealth.org\/es\/servicios\/cuidado-primario\/w1600adobestock_106314025\/'><img loading=\"lazy\" decoding=\"async\" width=\"1600\" height=\"541\" src=\"https:\/\/centralcityhealth.org\/es\/wp-content\/uploads\/2017\/01\/W1600AdobeStock_106314025.jpg\" class=\"attachment-full size-full\" alt=\"Image of Medical staff for General Medicine Page\" srcset=\"https:\/\/centralcityhealth.org\/es\/wp-content\/uploads\/2017\/01\/W1600AdobeStock_106314025.jpg 1600w, https:\/\/centralcityhealth.org\/es\/wp-content\/uploads\/2017\/01\/W1600AdobeStock_106314025-300x101.jpg 300w, https:\/\/centralcityhealth.org\/es\/wp-content\/uploads\/2017\/01\/W1600AdobeStock_106314025-768x260.jpg 768w\" sizes=\"(max-width: 1600px) 100vw, 1600px\" \/><\/a>\n\t\t\t<\/div><\/figure>\n\t\t<\/div>\n<\/p><h2>Cuidado primario<\/h2><p>Central City Community Health Center ofrece atenci\u00f3n primaria para hombres y mujeres para ayudar con sus necesidades de atenci\u00f3n m\u00e9dica.<br \/>Los servicios ofrecidos en nuestras cl\u00ednicas de Central City incluyen servicios m\u00e9dicos generales, ex\u00e1menes f\u00edsicos y servicios de rutina.<\/p><p>Ofrecemos servicios de detecci\u00f3n para lo siguiente:<br \/>Anemia<br \/>Asma<br \/>Presi\u00f3n arterial<br \/>C\u00e1ncer<br \/>Papanicolaou\/Examen de pr\u00f3stata<br \/>Colesterol<br \/>Diabetes<br \/>Embarazo<br \/>ETS y VIH\/SIDA<\/p><hr \/><p>\u00a1Cont\u00e1ctenos para hacer su cita hoy!<\/p><p>Llame a cualquiera de nuestros centros de salud cercanos a usted \u2013\u00a0<a href=\"https:\/\/www.centralcityhealth.org\/es-old-site\/pacientes\/haga-su-cita\/\"><u>Directorio telef\u00f3nico<\/u><\/a><\/p><p>Para encontrar un centro de salud comunitario de Central City cerca de usted \u2013\u00a0<a href=\"https:\/\/www.centralcityhealth.org\/es-old-site\/ubicaciones\/\"><u>Ubicaciones<\/u><\/a><\/p><hr \/><\/div>\n\t\t\t\t<\/div>\n\t\t\t\t<\/div>\n\t\t\t\t\t\t<\/div>\n\t\t\t\t\t<\/div>\n\t\t<\/div>\n\t\t\t\t\t\t\t\t<\/div>\n\t\t\t\t\t<\/div>\n\t\t<\/section>\n\t\t\t\t\t\t<\/div>\n\t\t\t\t\t\t<\/div>\n\t\t\t\t\t<\/div>\n\t\t","protected":false},"excerpt":{"rendered":"<p>Cuidado primario Central City Community Health Center ofrece atenci\u00f3n primaria para hombres y mujeres para ayudar con sus necesidades de atenci\u00f3n m\u00e9dica. Los servicios ofrecidos en nuestras cl\u00ednicas de Central City incluyen servicios m\u00e9dicos generales, ex\u00e1menes f\u00edsicos y servicios de rutina. Ofrecemos servicios de detecci\u00f3n para lo siguiente: Anemia Asma Presi\u00f3n arterial C\u00e1ncer Papanicolaou\/Examen de [&hellip;]<\/p>\n","protected":false},"author":1,"featured_media":0,"parent":1893,"menu_order":1,"comment_status":"closed","ping_status":"closed","template":"","meta":{"ocean_post_layout":"","ocean_both_sidebars_style":"","ocean_both_sidebars_content_width":0,"ocean_both_sidebars_sidebars_width":0,"ocean_sidebar":"0","ocean_second_sidebar":"0","ocean_disable_margins":"enable","ocean_add_body_class":"","ocean_shortcode_before_top_bar":"","ocean_shortcode_after_top_bar":"","ocean_shortcode_before_header":"","ocean_shortcode_after_header":"","ocean_has_shortcode":"","ocean_shortcode_after_title":"","ocean_shortcode_before_footer_widgets":"","ocean_shortcode_after_footer_widgets":"","ocean_shortcode_before_footer_bottom":"","ocean_shortcode_after_footer_bottom":"","ocean_display_top_bar":"default","ocean_display_header":"default","ocean_header_style":"","ocean_center_header_left_menu":"0","ocean_custom_header_template":"0","ocean_custom_logo":0,"ocean_custom_retina_logo":0,"ocean_custom_logo_max_width":0,"ocean_custom_logo_tablet_max_width":0,"ocean_custom_logo_mobile_max_width":0,"ocean_custom_logo_max_height":0,"ocean_custom_logo_tablet_max_height":0,"ocean_custom_logo_mobile_max_height":0,"ocean_header_custom_menu":"0","ocean_menu_typo_font_family":"0","ocean_menu_typo_font_subset":"","ocean_menu_typo_font_size":0,"ocean_menu_typo_font_size_tablet":0,"ocean_menu_typo_font_size_mobile":0,"ocean_menu_typo_font_size_unit":"px","ocean_menu_typo_font_weight":"","ocean_menu_typo_font_weight_tablet":"","ocean_menu_typo_font_weight_mobile":"","ocean_menu_typo_transform":"","ocean_menu_typo_transform_tablet":"","ocean_menu_typo_transform_mobile":"","ocean_menu_typo_line_height":0,"ocean_menu_typo_line_height_tablet":0,"ocean_menu_typo_line_height_mobile":0,"ocean_menu_typo_line_height_unit":"","ocean_menu_typo_spacing":0,"ocean_menu_typo_spacing_tablet":0,"ocean_menu_typo_spacing_mobile":0,"ocean_menu_typo_spacing_unit":"","ocean_menu_link_color":"","ocean_menu_link_color_hover":"","ocean_menu_link_color_active":"","ocean_menu_link_background":"","ocean_menu_link_hover_background":"","ocean_menu_link_active_background":"","ocean_menu_social_links_bg":"","ocean_menu_social_hover_links_bg":"","ocean_menu_social_links_color":"","ocean_menu_social_hover_links_color":"","ocean_disable_title":"default","ocean_disable_heading":"default","ocean_post_title":"","ocean_post_subheading":"","ocean_post_title_style":"","ocean_post_title_background_color":"","ocean_post_title_background":0,"ocean_post_title_bg_image_position":"","ocean_post_title_bg_image_attachment":"","ocean_post_title_bg_image_repeat":"","ocean_post_title_bg_image_size":"","ocean_post_title_height":0,"ocean_post_title_bg_overlay":0.5,"ocean_post_title_bg_overlay_color":"","ocean_disable_breadcrumbs":"default","ocean_breadcrumbs_color":"","ocean_breadcrumbs_separator_color":"","ocean_breadcrumbs_links_color":"","ocean_breadcrumbs_links_hover_color":"","ocean_display_footer_widgets":"default","ocean_display_footer_bottom":"default","ocean_custom_footer_template":"0","footnotes":""},"_links":{"self":[{"href":"https:\/\/centralcityhealth.org\/es\/wp-json\/wp\/v2\/pages\/2356"}],"collection":[{"href":"https:\/\/centralcityhealth.org\/es\/wp-json\/wp\/v2\/pages"}],"about":[{"href":"https:\/\/centralcityhealth.org\/es\/wp-json\/wp\/v2\/types\/page"}],"author":[{"embeddable":true,"href":"https:\/\/centralcityhealth.org\/es\/wp-json\/wp\/v2\/users\/1"}],"replies":[{"embeddable":true,"href":"https:\/\/centralcityhealth.org\/es\/wp-json\/wp\/v2\/comments?post=2356"}],"version-history":[{"count":20,"href":"https:\/\/centralcityhealth.org\/es\/wp-json\/wp\/v2\/pages\/2356\/revisions"}],"predecessor-version":[{"id":6405,"href":"https:\/\/centralcityhealth.org\/es\/wp-json\/wp\/v2\/pages\/2356\/revisions\/6405"}],"up":[{"embeddable":true,"href":"https:\/\/centralcityhealth.org\/es\/wp-json\/wp\/v2\/pages\/1893"}],"wp:attachment":[{"href":"https:\/\/centralcityhealth.org\/es\/wp-json\/wp\/v2\/media?parent=2356"}],"curies":[{"name":"wp","href":"https:\/\/api.w.org\/{rel}","templated":true}]}}