{"id":2555,"date":"2017-02-21T14:22:09","date_gmt":"2017-02-21T22:22:09","guid":{"rendered":"https:\/\/centralcityhealth.org\/es\/?page_id=2555"},"modified":"2022-01-25T00:29:01","modified_gmt":"2022-01-25T08:29:01","slug":"haga-su-cita","status":"publish","type":"page","link":"https:\/\/centralcityhealth.org\/es\/pacientes\/haga-su-cita\/","title":{"rendered":"Haga su cita"},"content":{"rendered":"\t\t<div data-elementor-type=\"wp-post\" data-elementor-id=\"2555\" class=\"elementor elementor-2555\" data-elementor-settings=\"[]\">\n\t\t\t\t\t\t<div class=\"elementor-inner\">\n\t\t\t\t\t\t\t<div class=\"elementor-section-wrap\">\n\t\t\t\t\t\t\t<section class=\"elementor-section elementor-top-section elementor-element elementor-element-d406c5f elementor-section-boxed elementor-section-height-default elementor-section-height-default\" data-id=\"d406c5f\" data-element_type=\"section\">\n\t\t\t\t\t\t<div class=\"elementor-container elementor-column-gap-default\">\n\t\t\t\t\t\t\t<div class=\"elementor-row\">\n\t\t\t\t\t<div class=\"elementor-column elementor-col-100 elementor-top-column elementor-element elementor-element-9d45980\" data-id=\"9d45980\" data-element_type=\"column\">\n\t\t\t<div class=\"elementor-column-wrap elementor-element-populated\">\n\t\t\t\t\t\t\t<div class=\"elementor-widget-wrap\">\n\t\t\t\t\t\t<div class=\"elementor-element elementor-element-2cd9b6c elementor-widget elementor-widget-image\" data-id=\"2cd9b6c\" data-element_type=\"widget\" data-widget_type=\"image.default\">\n\t\t\t\t<div class=\"elementor-widget-container\">\n\t\t\t\t\t<div class=\"elementor-image\">\n\t\t\t\t\t\t\t\t\t\t<img decoding=\"async\" src=\"https:\/\/centralcityhealth.org\/es\/wp-content\/uploads\/elementor\/thumbs\/Appointment-n5skutrf8e21om8w2ca22dko5bww4ec6uhqtlh4g38.jpg\" title=\"Student talk on mobile phone\" alt=\"Image with young lady on the phone for display on Make an Appointment\" \/>\t\t\t\t\t\t\t\t\t\t\t<\/div>\n\t\t\t\t<\/div>\n\t\t\t\t<\/div>\n\t\t\t\t\t\t<\/div>\n\t\t\t\t\t<\/div>\n\t\t<\/div>\n\t\t\t\t\t\t\t\t<\/div>\n\t\t\t\t\t<\/div>\n\t\t<\/section>\n\t\t\t\t<section class=\"elementor-section elementor-top-section elementor-element elementor-element-5114a22a elementor-section-boxed elementor-section-height-default elementor-section-height-default\" data-id=\"5114a22a\" data-element_type=\"section\">\n\t\t\t\t\t\t<div class=\"elementor-container elementor-column-gap-default\">\n\t\t\t\t\t\t\t<div class=\"elementor-row\">\n\t\t\t\t\t<div class=\"elementor-column elementor-col-100 elementor-top-column elementor-element elementor-element-4784f1b3\" data-id=\"4784f1b3\" data-element_type=\"column\">\n\t\t\t<div class=\"elementor-column-wrap elementor-element-populated\">\n\t\t\t\t\t\t\t<div class=\"elementor-widget-wrap\">\n\t\t\t\t\t\t<div class=\"elementor-element elementor-element-62b57f58 elementor-widget elementor-widget-text-editor\" data-id=\"62b57f58\" data-element_type=\"widget\" data-widget_type=\"text-editor.default\">\n\t\t\t\t<div class=\"elementor-widget-container\">\n\t\t\t\t\t<div class=\"elementor-text-editor elementor-clearfix\"><p style=\"padding-left: 40px;\"><span style=\"color: #333333; font-size: 23px; font-weight: 600;\">Haga una cita<\/span><\/p>\n\n<h4 style=\"text-align: left; padding-left: 80px;\"><span style=\"color: #464e4f;\">Llame para una cita &#8211; Call Center: <a href=\"tel:866-332-9550\">(866) 332-9550<\/a> o una cl\u00ednica enumerada a continuaci\u00f3n<\/span><\/h4>\n<table>\n<thead>\n<tr>\n<th>CL\u00cdNICA DE SALUD COMUNITARIA DE LA CIUDAD CENTRAL<\/th>\n<th>HABLA A<\/th>\n<th>TEL\u00c9FONO<\/th>\n<\/tr>\n<\/thead>\n<tbody>\n<tr>\n<td>Anaheim 1<\/td>\n<td>2237 W. Ball Road Anaheim CA 92804<\/td>\n<td><a href=\"tel: +1 -714-490-2750\"> +1 (714) 490-2750<\/a><\/td>\n<\/tr>\n<tr class=\"odd-row\">\n<td>Anaheim II<\/td>\n<td>2243 W. Ball Rd. Anaheim CA 92804<\/td>\n<td><a href=\"tel: +1 -714-490-2750\"> +1 (714) 490-2750<\/a><\/td>\n<\/tr>\n<tr class=\"odd-row\">\n<td>Anaheim-Lincoln I<\/td>\n<td>1820 W. Lincoln Anaheim CA 92801<\/td>\n<td><a href=\"tel: +1 -714-805-7719\"> +1 (714) 805-7719<\/a><\/td>\n<\/tr>\n<tr class=\"odd-row\">\n<td>Anaheim-Lincoln II<\/td>\n<td>1814 W. Lincoln Anaheim CA 92801<\/td>\n<td><a href=\"tel: +1 -714-805-7719\"> +1 (714) 805-7719<\/a><\/td>\n<\/tr>\n<tr>\n<td>Baldwin Park 1<\/td>\n<td>4126 N. Maine Avenue Baldwin Park CA 91706<\/td>\n<td><a href=\"tel: +1 -626-653-0800\">+1 (626) 653-0800<\/a><\/td>\n<\/tr>\n<tr class=\"odd-row\">\n<td>Baldwin Park II<\/td>\n<td>4160 N. Maine Avenue Suite B1 B2 B3 Baldwin Park CA 91706<\/td>\n<td><a href=\"tel: +1 -626-384-2400\">+1 (626) 384-2400<\/a><\/td>\n<\/tr>\n<tr>\n<td>Los Angeles &#8211; Broadway<\/td>\n<td>5715 S Broadway Los Angeles CA 90037<\/td>\n<td><a href=\"tel: +1 -213-471-4139\">+1 (213) 471-4139<\/a><\/td>\n<\/tr>\n<tr class=\"odd-row\">\n<td>El Monte<\/td>\n<td>10050 Garvey Avenue Suite #111 El Monte CA 91733<\/td>\n<td><a href=\"tel: +1 -626-652-0790\">+1 (626) 652-0790<\/a><\/td>\n<\/tr>\n<tr>\n<td>Garden Grove<\/td>\n<td>12511 Brookhurst St. 2nd Floor Garden Grove CA 92840<\/td>\n<td><a href=\"tel: +1 -714-643-7176\"> +1 (714) 643-7176<\/a><\/td>\n<\/tr>\n<tr class=\"odd-row\">\n<td>Indio<\/td>\n<td>81709 Dr. Carreon Blvd. Suite E-1 | E-2 Indio CA 92201<\/td>\n<td><a href=\"tel: +1 -760-342-3336\">+1 (760) 342-3336<\/a><\/td>\n<\/tr>\n<tr>\n<td>La Puente<\/td>\n<td>13742 Amar Rd. La Puente CA 91746<\/td>\n<td><a href=\"tel: +1 -626-919-0400\">+1 (626) 919-0400<\/a><\/td>\n<\/tr>\n<tr class=\"odd-row\">\n<td>Norco<\/td>\n<td>1860 Hamner Ave Norco CA. 92860<\/td>\n<td><a href=\"tel:+1 -951-479-0070\">+1 (951) 479-0070<\/a><\/td>\n<\/tr>\n<tr>\n<td>South Los Angeles<\/td>\n<td>5970 S. Central Avenue Los Angeles CA 90001<\/td>\n<td><a href=\"tel:+1 -323-234-3280\">+1 (323) 234-3280<\/a><\/td>\n<\/tr>\n<tr class=\"odd-row\">\n<td>Stanton<\/td>\n<td>12116 Beach Blvd Stanton CA. 90680<\/td>\n<td><a href=\"tel:+1 -714-898-2222\">+1 (714) 898-2222<\/a><\/td>\n<\/tr>\n<tr>\n<td>Upland<\/td>\n<td>268 McArthur Way Upland CA 91786<\/td>\n<td><a href=\"tel:+1 -909-406-5353\">+1 (909) 406-5353<\/a><\/td>\n<\/tr>\n<\/tbody>\n<\/table><\/div>\n\t\t\t\t<\/div>\n\t\t\t\t<\/div>\n\t\t\t\t\t\t<\/div>\n\t\t\t\t\t<\/div>\n\t\t<\/div>\n\t\t\t\t\t\t\t\t<\/div>\n\t\t\t\t\t<\/div>\n\t\t<\/section>\n\t\t\t\t\t\t<\/div>\n\t\t\t\t\t\t<\/div>\n\t\t\t\t\t<\/div>\n\t\t","protected":false},"excerpt":{"rendered":"<p>Haga una cita Llame para una cita &#8211; Call Center: (866) 332-9550 o una cl\u00ednica enumerada a continuaci\u00f3n CL\u00cdNICA DE SALUD COMUNITARIA DE LA CIUDAD CENTRAL HABLA A TEL\u00c9FONO Anaheim 1 2237 W. Ball Road Anaheim CA 92804 +1 (714) 490-2750 Anaheim II 2243 W. Ball Rd. Anaheim CA 92804 +1 (714) 490-2750 Anaheim-Lincoln I [&hellip;]<\/p>\n","protected":false},"author":1,"featured_media":0,"parent":2617,"menu_order":3,"comment_status":"closed","ping_status":"closed","template":"","meta":{"ocean_post_layout":"","ocean_both_sidebars_style":"","ocean_both_sidebars_content_width":0,"ocean_both_sidebars_sidebars_width":0,"ocean_sidebar":"","ocean_second_sidebar":"","ocean_disable_margins":"enable","ocean_add_body_class":"","ocean_shortcode_before_top_bar":"","ocean_shortcode_after_top_bar":"","ocean_shortcode_before_header":"","ocean_shortcode_after_header":"","ocean_has_shortcode":"","ocean_shortcode_after_title":"","ocean_shortcode_before_footer_widgets":"","ocean_shortcode_after_footer_widgets":"","ocean_shortcode_before_footer_bottom":"","ocean_shortcode_after_footer_bottom":"","ocean_display_top_bar":"default","ocean_display_header":"default","ocean_header_style":"","ocean_center_header_left_menu":"","ocean_custom_header_template":"","ocean_custom_logo":0,"ocean_custom_retina_logo":0,"ocean_custom_logo_max_width":0,"ocean_custom_logo_tablet_max_width":0,"ocean_custom_logo_mobile_max_width":0,"ocean_custom_logo_max_height":0,"ocean_custom_logo_tablet_max_height":0,"ocean_custom_logo_mobile_max_height":0,"ocean_header_custom_menu":"","ocean_menu_typo_font_family":"","ocean_menu_typo_font_subset":"","ocean_menu_typo_font_size":0,"ocean_menu_typo_font_size_tablet":0,"ocean_menu_typo_font_size_mobile":0,"ocean_menu_typo_font_size_unit":"px","ocean_menu_typo_font_weight":"","ocean_menu_typo_font_weight_tablet":"","ocean_menu_typo_font_weight_mobile":"","ocean_menu_typo_transform":"","ocean_menu_typo_transform_tablet":"","ocean_menu_typo_transform_mobile":"","ocean_menu_typo_line_height":0,"ocean_menu_typo_line_height_tablet":0,"ocean_menu_typo_line_height_mobile":0,"ocean_menu_typo_line_height_unit":"","ocean_menu_typo_spacing":0,"ocean_menu_typo_spacing_tablet":0,"ocean_menu_typo_spacing_mobile":0,"ocean_menu_typo_spacing_unit":"","ocean_menu_link_color":"","ocean_menu_link_color_hover":"","ocean_menu_link_color_active":"","ocean_menu_link_background":"","ocean_menu_link_hover_background":"","ocean_menu_link_active_background":"","ocean_menu_social_links_bg":"","ocean_menu_social_hover_links_bg":"","ocean_menu_social_links_color":"","ocean_menu_social_hover_links_color":"","ocean_disable_title":"default","ocean_disable_heading":"default","ocean_post_title":"","ocean_post_subheading":"","ocean_post_title_style":"","ocean_post_title_background_color":"","ocean_post_title_background":0,"ocean_post_title_bg_image_position":"","ocean_post_title_bg_image_attachment":"","ocean_post_title_bg_image_repeat":"","ocean_post_title_bg_image_size":"","ocean_post_title_height":0,"ocean_post_title_bg_overlay":0.5,"ocean_post_title_bg_overlay_color":"","ocean_disable_breadcrumbs":"default","ocean_breadcrumbs_color":"","ocean_breadcrumbs_separator_color":"","ocean_breadcrumbs_links_color":"","ocean_breadcrumbs_links_hover_color":"","ocean_display_footer_widgets":"default","ocean_display_footer_bottom":"default","ocean_custom_footer_template":"","footnotes":""},"_links":{"self":[{"href":"https:\/\/centralcityhealth.org\/es\/wp-json\/wp\/v2\/pages\/2555"}],"collection":[{"href":"https:\/\/centralcityhealth.org\/es\/wp-json\/wp\/v2\/pages"}],"about":[{"href":"https:\/\/centralcityhealth.org\/es\/wp-json\/wp\/v2\/types\/page"}],"author":[{"embeddable":true,"href":"https:\/\/centralcityhealth.org\/es\/wp-json\/wp\/v2\/users\/1"}],"replies":[{"embeddable":true,"href":"https:\/\/centralcityhealth.org\/es\/wp-json\/wp\/v2\/comments?post=2555"}],"version-history":[{"count":31,"href":"https:\/\/centralcityhealth.org\/es\/wp-json\/wp\/v2\/pages\/2555\/revisions"}],"predecessor-version":[{"id":6577,"href":"https:\/\/centralcityhealth.org\/es\/wp-json\/wp\/v2\/pages\/2555\/revisions\/6577"}],"up":[{"embeddable":true,"href":"https:\/\/centralcityhealth.org\/es\/wp-json\/wp\/v2\/pages\/2617"}],"wp:attachment":[{"href":"https:\/\/centralcityhealth.org\/es\/wp-json\/wp\/v2\/media?parent=2555"}],"curies":[{"name":"wp","href":"https:\/\/api.w.org\/{rel}","templated":true}]}}