{"id":4750,"date":"2018-05-11T15:38:12","date_gmt":"2018-05-11T22:38:12","guid":{"rendered":"https:\/\/centralcityhealth.org\/es\/?page_id=4750"},"modified":"2022-01-26T00:00:40","modified_gmt":"2022-01-26T08:00:40","slug":"mision-vision-valores-fundamentales","status":"publish","type":"page","link":"https:\/\/centralcityhealth.org\/es\/about\/mision-vision-valores-fundamentales\/","title":{"rendered":"Misi\u00f3n &#8211; Visi\u00f3n &#8211; Valores fundamentales"},"content":{"rendered":"<p><a href=\"#\"><img loading=\"lazy\" decoding=\"async\" class=\"aligncenter size-full wp-image-4752\" src=\"https:\/\/centralcityhealth.org\/es\/wp-content\/uploads\/2018\/05\/MissionVisionValues.jpg\" alt=\"Vision Mission and Values image with Clock for CCCHC page with our Mission statement, Vision and Core Values for our organization\" width=\"938\" height=\"500\" srcset=\"https:\/\/centralcityhealth.org\/es\/wp-content\/uploads\/2018\/05\/MissionVisionValues.jpg 938w, https:\/\/centralcityhealth.org\/es\/wp-content\/uploads\/2018\/05\/MissionVisionValues-300x160.jpg 300w, https:\/\/centralcityhealth.org\/es\/wp-content\/uploads\/2018\/05\/MissionVisionValues-768x409.jpg 768w\" sizes=\"(max-width: 938px) 100vw, 938px\" \/><\/a><\/p>\n<h6><span style=\"color: #003b93;\">NUESTRA MISI\u00d3N<\/span><\/h6>\n<p style=\"text-align: left;\"><em><span style=\"color: #003b93;\">Brindar servicios humanos y de salud de calidad a las poblaciones de bajos ingresos y m\u00e9dicamente desatendidas de una manera culturalmente sensible.<\/span><\/em><\/p>\n<h6><span style=\"color: #003b93;\">NUESTRA VISI\u00d3N<\/span><\/h6>\n<p style=\"padding-left: 30px; text-align: left;\"><em><span style=\"color: #003b93;\">Ser reconocido en el sur de California como el proveedor de atenci\u00f3n m\u00e9dica PREMIER para la poblaci\u00f3n vulnerable y sin servicios m\u00e9dicos.<\/span><\/em><\/p>\n<p style=\"padding-left: 30px;\">Emplear al personal cl\u00ednico y profesional mejor capacitado y brindar servicios integrales en ubicaciones convenientes<\/p>\n<p style=\"padding-left: 30px;\">Mantener ubicaciones f\u00edsicas modernas y atractivas con horarios de oficina accesibles que satisfagan las necesidades de nuestros pacientes\/visitantes.<\/p>\n<p style=\"padding-left: 30px;\">Comprender y adaptarse a la diversidad \u00e9tnica y cultural en expansi\u00f3n y brindar servicios culturalmente sensibles.<\/p>\n<p style=\"padding-left: 30px;\">Ofrecer todos los servicios a los pacientes a tarifas competitivas con nuestros proveedores de atenci\u00f3n m\u00e9dica vecinos, y buscar subvenciones externas y otros recursos financieros para ofrecer una tarifa m\u00f3vil con descuento basada en los ingresos familiares a las poblaciones m\u00e9dicamente desatendidas, sin seguro m\u00e9dico u otras poblaciones de riesgo especial.<\/p>\n<p><span style=\"color: #003b93;\"><em>Centro de salud comunitario de Central City: atenci\u00f3n m\u00e9dica sin fines de lucro desde 1994<\/em><\/span><\/p>\n","protected":false},"excerpt":{"rendered":"<p>NUESTRA MISI\u00d3N Brindar servicios humanos y de salud de calidad a las poblaciones de bajos ingresos y m\u00e9dicamente desatendidas de una manera culturalmente sensible. NUESTRA VISI\u00d3N Ser reconocido en el sur de California como el proveedor de atenci\u00f3n m\u00e9dica PREMIER para la poblaci\u00f3n vulnerable y sin servicios m\u00e9dicos. Emplear al personal cl\u00ednico y profesional mejor [&hellip;]<\/p>\n","protected":false},"author":1,"featured_media":0,"parent":1797,"menu_order":0,"comment_status":"closed","ping_status":"closed","template":"","meta":{"ocean_post_layout":"","ocean_both_sidebars_style":"","ocean_both_sidebars_content_width":0,"ocean_both_sidebars_sidebars_width":0,"ocean_sidebar":"0","ocean_second_sidebar":"0","ocean_disable_margins":"enable","ocean_add_body_class":"","ocean_shortcode_before_top_bar":"","ocean_shortcode_after_top_bar":"","ocean_shortcode_before_header":"","ocean_shortcode_after_header":"","ocean_has_shortcode":"","ocean_shortcode_after_title":"","ocean_shortcode_before_footer_widgets":"","ocean_shortcode_after_footer_widgets":"","ocean_shortcode_before_footer_bottom":"","ocean_shortcode_after_footer_bottom":"","ocean_display_top_bar":"default","ocean_display_header":"default","ocean_header_style":"","ocean_center_header_left_menu":"0","ocean_custom_header_template":"0","ocean_custom_logo":0,"ocean_custom_retina_logo":0,"ocean_custom_logo_max_width":0,"ocean_custom_logo_tablet_max_width":0,"ocean_custom_logo_mobile_max_width":0,"ocean_custom_logo_max_height":0,"ocean_custom_logo_tablet_max_height":0,"ocean_custom_logo_mobile_max_height":0,"ocean_header_custom_menu":"0","ocean_menu_typo_font_family":"0","ocean_menu_typo_font_subset":"","ocean_menu_typo_font_size":0,"ocean_menu_typo_font_size_tablet":0,"ocean_menu_typo_font_size_mobile":0,"ocean_menu_typo_font_size_unit":"px","ocean_menu_typo_font_weight":"","ocean_menu_typo_font_weight_tablet":"","ocean_menu_typo_font_weight_mobile":"","ocean_menu_typo_transform":"","ocean_menu_typo_transform_tablet":"","ocean_menu_typo_transform_mobile":"","ocean_menu_typo_line_height":0,"ocean_menu_typo_line_height_tablet":0,"ocean_menu_typo_line_height_mobile":0,"ocean_menu_typo_line_height_unit":"","ocean_menu_typo_spacing":0,"ocean_menu_typo_spacing_tablet":0,"ocean_menu_typo_spacing_mobile":0,"ocean_menu_typo_spacing_unit":"","ocean_menu_link_color":"","ocean_menu_link_color_hover":"","ocean_menu_link_color_active":"","ocean_menu_link_background":"","ocean_menu_link_hover_background":"","ocean_menu_link_active_background":"","ocean_menu_social_links_bg":"","ocean_menu_social_hover_links_bg":"","ocean_menu_social_links_color":"","ocean_menu_social_hover_links_color":"","ocean_disable_title":"default","ocean_disable_heading":"default","ocean_post_title":"","ocean_post_subheading":"","ocean_post_title_style":"","ocean_post_title_background_color":"","ocean_post_title_background":0,"ocean_post_title_bg_image_position":"","ocean_post_title_bg_image_attachment":"","ocean_post_title_bg_image_repeat":"","ocean_post_title_bg_image_size":"","ocean_post_title_height":0,"ocean_post_title_bg_overlay":0.5,"ocean_post_title_bg_overlay_color":"","ocean_disable_breadcrumbs":"default","ocean_breadcrumbs_color":"","ocean_breadcrumbs_separator_color":"","ocean_breadcrumbs_links_color":"","ocean_breadcrumbs_links_hover_color":"","ocean_display_footer_widgets":"default","ocean_display_footer_bottom":"default","ocean_custom_footer_template":"0","footnotes":""},"_links":{"self":[{"href":"https:\/\/centralcityhealth.org\/es\/wp-json\/wp\/v2\/pages\/4750"}],"collection":[{"href":"https:\/\/centralcityhealth.org\/es\/wp-json\/wp\/v2\/pages"}],"about":[{"href":"https:\/\/centralcityhealth.org\/es\/wp-json\/wp\/v2\/types\/page"}],"author":[{"embeddable":true,"href":"https:\/\/centralcityhealth.org\/es\/wp-json\/wp\/v2\/users\/1"}],"replies":[{"embeddable":true,"href":"https:\/\/centralcityhealth.org\/es\/wp-json\/wp\/v2\/comments?post=4750"}],"version-history":[{"count":12,"href":"https:\/\/centralcityhealth.org\/es\/wp-json\/wp\/v2\/pages\/4750\/revisions"}],"predecessor-version":[{"id":6592,"href":"https:\/\/centralcityhealth.org\/es\/wp-json\/wp\/v2\/pages\/4750\/revisions\/6592"}],"up":[{"embeddable":true,"href":"https:\/\/centralcityhealth.org\/es\/wp-json\/wp\/v2\/pages\/1797"}],"wp:attachment":[{"href":"https:\/\/centralcityhealth.org\/es\/wp-json\/wp\/v2\/media?parent=4750"}],"curies":[{"name":"wp","href":"https:\/\/api.w.org\/{rel}","templated":true}]}}