{"id":6540,"date":"2021-11-12T15:39:12","date_gmt":"2021-11-12T23:39:12","guid":{"rendered":"https:\/\/centralcityhealth.org\/es\/?page_id=6540"},"modified":"2021-11-12T15:51:02","modified_gmt":"2021-11-12T23:51:02","slug":"pago-de-facturas-del-paciente","status":"publish","type":"page","link":"https:\/\/centralcityhealth.org\/es\/pago-de-facturas-del-paciente\/","title":{"rendered":"Pago de facturas del paciente"},"content":{"rendered":"\t\t<div data-elementor-type=\"wp-page\" data-elementor-id=\"6540\" class=\"elementor elementor-6540\" data-elementor-settings=\"[]\">\n\t\t\t\t\t\t<div class=\"elementor-inner\">\n\t\t\t\t\t\t\t<div class=\"elementor-section-wrap\">\n\t\t\t\t\t\t\t<section class=\"elementor-section elementor-top-section elementor-element elementor-element-fe0d618 elementor-section-boxed elementor-section-height-default elementor-section-height-default\" data-id=\"fe0d618\" data-element_type=\"section\">\n\t\t\t\t\t\t<div class=\"elementor-container elementor-column-gap-default\">\n\t\t\t\t\t\t\t<div class=\"elementor-row\">\n\t\t\t\t\t<div class=\"elementor-column elementor-col-100 elementor-top-column elementor-element elementor-element-5004050\" data-id=\"5004050\" data-element_type=\"column\">\n\t\t\t<div class=\"elementor-column-wrap elementor-element-populated\">\n\t\t\t\t\t\t\t<div class=\"elementor-widget-wrap\">\n\t\t\t\t\t\t<div class=\"elementor-element elementor-element-27fd791 elementor-widget elementor-widget-heading\" data-id=\"27fd791\" data-element_type=\"widget\" data-widget_type=\"heading.default\">\n\t\t\t\t<div class=\"elementor-widget-container\">\n\t\t\t<h2 class=\"elementor-heading-title elementor-size-default\">Pago de facturas del paciente<\/h2>\t\t<\/div>\n\t\t\t\t<\/div>\n\t\t\t\t<div class=\"elementor-element elementor-element-5ea5005 elementor-widget elementor-widget-text-editor\" data-id=\"5ea5005\" data-element_type=\"widget\" data-widget_type=\"text-editor.default\">\n\t\t\t\t<div class=\"elementor-widget-container\">\n\t\t\t\t\t<div class=\"elementor-text-editor elementor-clearfix\"><p style=\"text-align: center;\"><span style=\"font-size: 12pt;\"><strong><span style=\"background-color: #99ffcc; font-family: arial, helvetica, sans-serif;\">Gracias por enviar la informaci\u00f3n de contacto del paciente para hacer referencia a su pago. Ahora puede completar el formulario de PayPal para completar los pagos a:<\/span><\/strong><\/span><\/p><p style=\"text-align: center;\"><span style=\"font-size: 12pt;\"><strong><span style=\"background-color: #99ffcc; font-family: arial, helvetica, sans-serif;\"> Central City Community Health Center, Inc.<\/span><\/strong><\/span><\/p><\/div>\n\t\t\t\t<\/div>\n\t\t\t\t<\/div>\n\t\t\t\t<div class=\"elementor-element elementor-element-46ab967 elementor-widget elementor-widget-text-editor\" data-id=\"46ab967\" data-element_type=\"widget\" data-widget_type=\"text-editor.default\">\n\t\t\t\t<div class=\"elementor-widget-container\">\n\t\t\t\t\t<div class=\"elementor-text-editor elementor-clearfix\"><h3><span style=\"font-family: arial, helvetica, sans-serif;\">No necesita una cuenta PayPal existente para utilizar este servicio. En la parte inferior de la p\u00e1gina siguiente, puede elegir pagar con tarjeta de cr\u00e9dito utilizando cualquier forma de pago o regresar a centralcityhealth.org<\/span><\/h3><p><span style=\"font-family: arial, helvetica, sans-serif;\">Una vez que haga clic en enviar en ambos formularios, se le notificar\u00e1 a la facturaci\u00f3n de que su pago se est\u00e1 procesando.<\/span><\/p><p><div id=\"accept_paypal_payment_form\"><form action=\"https:\/\/www.paypal.com\/cgi-bin\/webscr\" method=\"post\" class=\"wp_accept_pp_button_form_classic\"><input type=\"hidden\" name=\"cmd\" value=\"_xclick\" \/><input type=\"hidden\" name=\"business\" value=\"finance@centralcityhealth.org\" \/><input type=\"hidden\" name=\"item_name\" value=\"Pagos del paciente\" \/><input type=\"hidden\" name=\"currency_code\" value=\"USD\" \/><div class=\"wpapp_payment_subject\"><span class=\"payment_subject\"><strong>Pagos del paciente<\/strong><\/span><\/div><select id=\"amount\" name=\"amount\" class=\"\"><option value=\"0\">Elija la opci\u00f3n a continuaci\u00f3n u otra cantidad<\/option><option value=\"25\">$25.00<\/option><\/select><div class=\"wpapp_other_amount_label\"><strong>Other Amount:<\/strong><\/div><div class=\"wpapp_other_amount_input\"><input type=\"number\" min=\"1\" step=\"any\" name=\"other_amount\" title=\"Other Amount\" value=\"\" class=\"wpapp_other_amt_input\" style=\"max-width:80px;\" \/><\/div><div class=\"wpapp_ref_title_label\"><strong>Tu correo electr\u00f3nico:<\/strong><\/div><input type=\"hidden\" name=\"on0\" value=\"Reference\" \/><div class=\"wpapp_ref_value\"><input type=\"text\" name=\"os0\" maxlength=\"60\" value=\"\" class=\"wp_pp_button_reference\" \/><\/div><input type=\"hidden\" name=\"no_shipping\" value=\"0\" \/><input type=\"hidden\" name=\"no_note\" value=\"1\" \/><input type=\"hidden\" name=\"bn\" value=\"TipsandTricks_SP\" \/><input type=\"hidden\" name=\"return\" value=\"https:\/\/centralcityhealth.org\/es\/pago-de-agradecimiento\/\" \/><input type=\"hidden\" name=\"cancel_return\" value=\"https:\/\/centralcityhealth.org\/es\/pagos-del-paciente\/\" \/><div class=\"wpapp_payment_button\"><input type=\"image\" src=\"https:\/\/www.paypal.com\/en_US\/i\/btn\/btn_paynowCC_LG.gif\" name=\"submit\" alt=\"Make payments with payPal - it's fast, free and secure!\" \/><\/div><\/form><\/div>\n<script type=\"text\/javascript\">\njQuery(document).ready(function($) {\n    $(\".wp_accept_pp_button_form_classic\").submit(function(e){\n        var form_obj = $(this);\n        var other_amt = form_obj.find(\"input[name=other_amount]\").val();\n        if (!isNaN(other_amt) && other_amt.length > 0){\n            options_val = other_amt;\n            \/\/insert the amount field in the form with the custom amount\n            $(\"<input>\").attr({\n                type: \"hidden\",\n                id: \"amount\",\n                name: \"amount\",\n                value: options_val\n            }).appendTo(form_obj);\n        }\n        return;\n    });\n});\n<\/script><\/p><h3 style=\"text-align: center;\"><span style=\"font-family: arial, helvetica, sans-serif;\">\u00a1Gracias por tu pago!<\/span><\/h3><\/div>\n\t\t\t\t<\/div>\n\t\t\t\t<\/div>\n\t\t\t\t\t\t<\/div>\n\t\t\t\t\t<\/div>\n\t\t<\/div>\n\t\t\t\t\t\t\t\t<\/div>\n\t\t\t\t\t<\/div>\n\t\t<\/section>\n\t\t\t\t<section class=\"elementor-section elementor-top-section elementor-element elementor-element-4aed7c9 elementor-section-boxed elementor-section-height-default elementor-section-height-default\" data-id=\"4aed7c9\" data-element_type=\"section\">\n\t\t\t\t\t\t<div class=\"elementor-container elementor-column-gap-default\">\n\t\t\t\t\t\t\t<div class=\"elementor-row\">\n\t\t\t\t\t<div class=\"elementor-column elementor-col-100 elementor-top-column elementor-element elementor-element-305682c\" data-id=\"305682c\" data-element_type=\"column\">\n\t\t\t<div class=\"elementor-column-wrap elementor-element-populated\">\n\t\t\t\t\t\t\t<div class=\"elementor-widget-wrap\">\n\t\t\t\t\t\t<div class=\"elementor-element elementor-element-c8fbdf6 elementor-align-right elementor-widget elementor-widget-button\" data-id=\"c8fbdf6\" data-element_type=\"widget\" data-widget_type=\"button.default\">\n\t\t\t\t<div class=\"elementor-widget-container\">\n\t\t\t\t\t<div class=\"elementor-button-wrapper\">\n\t\t\t<a href=\"https:\/\/centralcityhealth.org\/es\/pagos-del-paciente\/\" class=\"elementor-button-link elementor-button elementor-size-xs\" role=\"button\">\n\t\t\t\t\t\t<span class=\"elementor-button-content-wrapper\">\n\t\t\t\t\t\t<span class=\"elementor-button-icon elementor-align-icon-left\">\n\t\t\t\t<i aria-hidden=\"true\" class=\"far fa-caret-square-left\"><\/i>\t\t\t<\/span>\n\t\t\t\t\t\t<span class=\"elementor-button-text\">Volver a Pagos de pacientes<\/span>\n\t\t<\/span>\n\t\t\t\t\t<\/a>\n\t\t<\/div>\n\t\t\t\t<\/div>\n\t\t\t\t<\/div>\n\t\t\t\t\t\t<\/div>\n\t\t\t\t\t<\/div>\n\t\t<\/div>\n\t\t\t\t\t\t\t\t<\/div>\n\t\t\t\t\t<\/div>\n\t\t<\/section>\n\t\t\t\t\t\t<\/div>\n\t\t\t\t\t\t<\/div>\n\t\t\t\t\t<\/div>\n\t\t","protected":false},"excerpt":{"rendered":"<p>Pago de facturas del paciente Gracias por enviar la informaci\u00f3n de contacto del paciente para hacer referencia a su pago. Ahora puede completar el formulario de PayPal para completar los pagos a: Central City Community Health Center, Inc. No necesita una cuenta PayPal existente para utilizar este servicio. En la parte inferior de la p\u00e1gina [&hellip;]<\/p>\n","protected":false},"author":1,"featured_media":0,"parent":0,"menu_order":0,"comment_status":"closed","ping_status":"closed","template":"","meta":{"ocean_post_layout":"","ocean_both_sidebars_style":"","ocean_both_sidebars_content_width":0,"ocean_both_sidebars_sidebars_width":0,"ocean_sidebar":"0","ocean_second_sidebar":"0","ocean_disable_margins":"enable","ocean_add_body_class":"","ocean_shortcode_before_top_bar":"","ocean_shortcode_after_top_bar":"","ocean_shortcode_before_header":"","ocean_shortcode_after_header":"","ocean_has_shortcode":"","ocean_shortcode_after_title":"","ocean_shortcode_before_footer_widgets":"","ocean_shortcode_after_footer_widgets":"","ocean_shortcode_before_footer_bottom":"","ocean_shortcode_after_footer_bottom":"","ocean_display_top_bar":"default","ocean_display_header":"default","ocean_header_style":"","ocean_center_header_left_menu":"0","ocean_custom_header_template":"0","ocean_custom_logo":0,"ocean_custom_retina_logo":0,"ocean_custom_logo_max_width":0,"ocean_custom_logo_tablet_max_width":0,"ocean_custom_logo_mobile_max_width":0,"ocean_custom_logo_max_height":0,"ocean_custom_logo_tablet_max_height":0,"ocean_custom_logo_mobile_max_height":0,"ocean_header_custom_menu":"0","ocean_menu_typo_font_family":"0","ocean_menu_typo_font_subset":"","ocean_menu_typo_font_size":0,"ocean_menu_typo_font_size_tablet":0,"ocean_menu_typo_font_size_mobile":0,"ocean_menu_typo_font_size_unit":"px","ocean_menu_typo_font_weight":"","ocean_menu_typo_font_weight_tablet":"","ocean_menu_typo_font_weight_mobile":"","ocean_menu_typo_transform":"","ocean_menu_typo_transform_tablet":"","ocean_menu_typo_transform_mobile":"","ocean_menu_typo_line_height":0,"ocean_menu_typo_line_height_tablet":0,"ocean_menu_typo_line_height_mobile":0,"ocean_menu_typo_line_height_unit":"","ocean_menu_typo_spacing":0,"ocean_menu_typo_spacing_tablet":0,"ocean_menu_typo_spacing_mobile":0,"ocean_menu_typo_spacing_unit":"","ocean_menu_link_color":"","ocean_menu_link_color_hover":"","ocean_menu_link_color_active":"","ocean_menu_link_background":"","ocean_menu_link_hover_background":"","ocean_menu_link_active_background":"","ocean_menu_social_links_bg":"","ocean_menu_social_hover_links_bg":"","ocean_menu_social_links_color":"","ocean_menu_social_hover_links_color":"","ocean_disable_title":"default","ocean_disable_heading":"default","ocean_post_title":"","ocean_post_subheading":"","ocean_post_title_style":"","ocean_post_title_background_color":"","ocean_post_title_background":0,"ocean_post_title_bg_image_position":"","ocean_post_title_bg_image_attachment":"","ocean_post_title_bg_image_repeat":"","ocean_post_title_bg_image_size":"","ocean_post_title_height":0,"ocean_post_title_bg_overlay":0.5,"ocean_post_title_bg_overlay_color":"","ocean_disable_breadcrumbs":"default","ocean_breadcrumbs_color":"","ocean_breadcrumbs_separator_color":"","ocean_breadcrumbs_links_color":"","ocean_breadcrumbs_links_hover_color":"","ocean_display_footer_widgets":"default","ocean_display_footer_bottom":"default","ocean_custom_footer_template":"0","footnotes":""},"_links":{"self":[{"href":"https:\/\/centralcityhealth.org\/es\/wp-json\/wp\/v2\/pages\/6540"}],"collection":[{"href":"https:\/\/centralcityhealth.org\/es\/wp-json\/wp\/v2\/pages"}],"about":[{"href":"https:\/\/centralcityhealth.org\/es\/wp-json\/wp\/v2\/types\/page"}],"author":[{"embeddable":true,"href":"https:\/\/centralcityhealth.org\/es\/wp-json\/wp\/v2\/users\/1"}],"replies":[{"embeddable":true,"href":"https:\/\/centralcityhealth.org\/es\/wp-json\/wp\/v2\/comments?post=6540"}],"version-history":[{"count":7,"href":"https:\/\/centralcityhealth.org\/es\/wp-json\/wp\/v2\/pages\/6540\/revisions"}],"predecessor-version":[{"id":6549,"href":"https:\/\/centralcityhealth.org\/es\/wp-json\/wp\/v2\/pages\/6540\/revisions\/6549"}],"wp:attachment":[{"href":"https:\/\/centralcityhealth.org\/es\/wp-json\/wp\/v2\/media?parent=6540"}],"curies":[{"name":"wp","href":"https:\/\/api.w.org\/{rel}","templated":true}]}}