{"id":6578,"date":"2022-01-25T20:22:09","date_gmt":"2022-01-26T04:22:09","guid":{"rendered":"https:\/\/centralcityhealth.org\/es\/?page_id=6578"},"modified":"2022-01-25T23:40:30","modified_gmt":"2022-01-26T07:40:30","slug":"servicios-dentales","status":"publish","type":"page","link":"https:\/\/centralcityhealth.org\/es\/servicios\/servicios-dentales\/","title":{"rendered":"Servicios dentales"},"content":{"rendered":"\t\t<div data-elementor-type=\"wp-page\" data-elementor-id=\"6578\" class=\"elementor elementor-6578\" data-elementor-settings=\"[]\">\n\t\t\t\t\t\t<div class=\"elementor-inner\">\n\t\t\t\t\t\t\t<div class=\"elementor-section-wrap\">\n\t\t\t\t\t\t\t<section class=\"elementor-section elementor-top-section elementor-element elementor-element-c5c3c50 elementor-section-boxed elementor-section-height-default elementor-section-height-default\" data-id=\"c5c3c50\" data-element_type=\"section\">\n\t\t\t\t\t\t<div class=\"elementor-container elementor-column-gap-default\">\n\t\t\t\t\t\t\t<div class=\"elementor-row\">\n\t\t\t\t\t<div class=\"elementor-column elementor-col-100 elementor-top-column elementor-element elementor-element-bc78501\" data-id=\"bc78501\" data-element_type=\"column\">\n\t\t\t<div class=\"elementor-column-wrap elementor-element-populated\">\n\t\t\t\t\t\t\t<div class=\"elementor-widget-wrap\">\n\t\t\t\t\t\t<div class=\"elementor-element elementor-element-ddbc634 elementor-widget elementor-widget-heading\" data-id=\"ddbc634\" data-element_type=\"widget\" data-widget_type=\"heading.default\">\n\t\t\t\t<div class=\"elementor-widget-container\">\n\t\t\t<h1 class=\"elementor-heading-title elementor-size-default\">Servicios de atenci\u00f3n dental<\/h1>\t\t<\/div>\n\t\t\t\t<\/div>\n\t\t\t\t<div class=\"elementor-element elementor-element-d466b36 elementor-widget elementor-widget-text-editor\" data-id=\"d466b36\" data-element_type=\"widget\" data-widget_type=\"text-editor.default\">\n\t\t\t\t<div class=\"elementor-widget-container\">\n\t\t\t\t\t<div class=\"elementor-text-editor elementor-clearfix\"><p style=\"text-align: center;\"><span style=\"font-size: 14pt;\"><strong><em><span style=\"font-family: arial, helvetica, sans-serif;\">Central City est\u00e1 tomando medidas de precauci\u00f3n para satisfacer las necesidades dentales de nuestra comunidad mientras se mantiene seguro durante COVID-19..\u00a0<\/span><\/em><\/strong><\/span><\/p><\/div>\n\t\t\t\t<\/div>\n\t\t\t\t<\/div>\n\t\t\t\t<div class=\"elementor-element elementor-element-022c461 elementor-widget elementor-widget-text-editor\" data-id=\"022c461\" data-element_type=\"widget\" data-widget_type=\"text-editor.default\">\n\t\t\t\t<div class=\"elementor-widget-container\">\n\t\t\t\t\t<div class=\"elementor-text-editor elementor-clearfix\"><p style=\"text-align: center;\"><a href=\"https:\/\/centralcityhealth.org\/wp-content\/uploads\/2017\/04\/FamilyDental.jpg\"><img loading=\"lazy\" decoding=\"async\" class=\"wp-image-3998 size-full aligncenter\" src=\"https:\/\/centralcityhealth.org\/wp-content\/uploads\/2017\/04\/FamilyDental.jpg\" alt=\"image of family with healthy teeth for Dentistry page for CCCHC site\" width=\"415\" height=\"300\" srcset=\"https:\/\/centralcityhealth.org\/es\/wp-content\/uploads\/2017\/04\/FamilyDental.jpg 415w, https:\/\/centralcityhealth.org\/es\/wp-content\/uploads\/2017\/04\/FamilyDental-300x217.jpg 300w\" sizes=\"(max-width: 415px) 100vw, 415px\" \/><\/a><\/p><p style=\"padding-left: 40px;\"><span style=\"color: #25862c;\"><em><span style=\"font-family: arial, helvetica, sans-serif; font-size: 14pt;\">Central City Community ofrece servicios de atenci\u00f3n dental especializada<\/span><\/em><\/span><\/p><h1 style=\"padding-left: 40px;\"><span style=\"font-family: arial, helvetica, sans-serif;\">Servicios preventivos ahora ofrecidos<\/span><\/h1><p style=\"padding-left: 40px;\"><span style=\"font-family: arial, helvetica, sans-serif; font-size: 14pt; color: #3a3a3a;\">Ex\u00e1menes y evaluaciones visuales orales<\/span><br \/><span style=\"font-family: arial, helvetica, sans-serif; font-size: 14pt; color: #3a3a3a;\">Planes de tratamiento de higiene para la limpieza y la enfermedad de las enc\u00edas<\/span><br \/><span style=\"font-family: arial, helvetica, sans-serif; font-size: 14pt; color: #3a3a3a;\">Aplicaci\u00f3n de barniz de fl\u00faor (para reducir las bacterias y fortalecer los dientes)<\/span><br \/><span style=\"font-family: arial, helvetica, sans-serif; font-size: 14pt; color: #3a3a3a;\">Selladores para proteger de las caries<\/span><br \/><span style=\"font-family: arial, helvetica, sans-serif; font-size: 14pt; color: #3a3a3a;\">Coordinaci\u00f3n de atenci\u00f3n y referencias<br \/><\/span><span style=\"font-family: arial, helvetica, sans-serif; font-size: 14pt; color: #3a3a3a;\">Limpieza profunda<\/span><br \/><span style=\"font-family: arial, helvetica, sans-serif; font-size: 14pt; color: #3a3a3a;\">Rellenos<\/span><br \/><span style=\"font-family: arial, helvetica, sans-serif; font-size: 14pt; color: #3a3a3a;\">Extracciones<\/span><\/p><p style=\"padding-left: 30px;\"><span style=\"font-family: arial, helvetica, sans-serif; font-size: 14pt; color: #3a3a3a;\"><strong>A nadie<\/strong> se le niega el cuidado dental en Central City. A trav\u00e9s de nuestros programas de escala m\u00f3vil y otros programas de beneficios, podemos ofrecer servicios dentales gratuitos o de bajo costo para ni\u00f1os y adultos. Si necesita ayuda para obtener m\u00e1s informaci\u00f3n sobre nuestros programas para ayudar con estos servicios, por favor pregunte. Te ayudaremos a encontrar el programa adecuado para ti y para la salud de tus dientes.<\/span><\/p><p style=\"padding-left: 30px;\"><em><strong><span style=\"font-family: arial, helvetica, sans-serif; font-size: 14pt; color: #3a3a3a;\">Medi-cal y sin seguro \u00a1Bienvenido!<\/span><\/strong><\/em><\/p><p style=\"padding-left: 30px;\"><em><strong><span style=\"font-family: arial, helvetica, sans-serif; font-size: 14pt; color: #3a3a3a;\">Tambi\u00e9n aceptamos Liberty Dental, Denti-Cal y Delta Dental<\/span><\/strong><\/em><\/p><p style=\"padding-left: 30px;\"><span style=\"font-family: arial, helvetica, sans-serif; font-size: 14pt; color: #3a3a3a;\">\u00a1Programe su cita de visita dental HOY!<\/span><\/p><p style=\"padding-left: 130px; text-align: left;\"><em><span style=\"font-size: 14pt; font-family: arial, helvetica, sans-serif; color: #3a3a3a;\">Servicios dentales proporcionados en las siguientes ubicaciones: ~ New Locations Coming Soon ~<\/span><\/em><\/p><\/div>\n\t\t\t\t<\/div>\n\t\t\t\t<\/div>\n\t\t\t\t\t\t<\/div>\n\t\t\t\t\t<\/div>\n\t\t<\/div>\n\t\t\t\t\t\t\t\t<\/div>\n\t\t\t\t\t<\/div>\n\t\t<\/section>\n\t\t\t\t<section class=\"elementor-section elementor-top-section elementor-element elementor-element-6e0bd5b elementor-section-boxed elementor-section-height-default elementor-section-height-default\" data-id=\"6e0bd5b\" data-element_type=\"section\">\n\t\t\t\t\t\t<div class=\"elementor-container elementor-column-gap-default\">\n\t\t\t\t\t\t\t<div class=\"elementor-row\">\n\t\t\t\t\t<div class=\"elementor-column elementor-col-33 elementor-top-column elementor-element elementor-element-9024fe9\" data-id=\"9024fe9\" data-element_type=\"column\">\n\t\t\t<div class=\"elementor-column-wrap elementor-element-populated\">\n\t\t\t\t\t\t\t<div class=\"elementor-widget-wrap\">\n\t\t\t\t\t\t<div class=\"elementor-element elementor-element-bd16008 elementor-widget elementor-widget-image\" data-id=\"bd16008\" data-element_type=\"widget\" data-widget_type=\"image.default\">\n\t\t\t\t<div class=\"elementor-widget-container\">\n\t\t\t\t\t<div class=\"elementor-image\">\n\t\t\t\t\t\t\t\t\t\t<img decoding=\"async\" src=\"https:\/\/centralcityhealth.org\/wp-content\/uploads\/2020\/06\/Anaheim-Signage-New.jpg\" title=\"\" alt=\"\" \/>\t\t\t\t\t\t\t\t\t\t\t<\/div>\n\t\t\t\t<\/div>\n\t\t\t\t<\/div>\n\t\t\t\t<div class=\"elementor-element elementor-element-c36871d elementor-widget elementor-widget-text-editor\" data-id=\"c36871d\" data-element_type=\"widget\" data-widget_type=\"text-editor.default\">\n\t\t\t\t<div class=\"elementor-widget-container\">\n\t\t\t\t\t<div class=\"elementor-text-editor elementor-clearfix\"><h4 style=\"text-align: left;\"><a href=\"https:\/\/centralcityhealth.org\/locations\/anaheim-1\/\"><span style=\"font-family: arial, helvetica, sans-serif;\">Anaheim Health Center<\/span><\/a><\/h4><p><span style=\"font-family: arial, helvetica, sans-serif; font-size: 12pt;\">2237 W. Ball Road<\/span><br \/><span style=\"font-family: arial, helvetica, sans-serif; font-size: 12pt;\">Anaheim, CA 92804<\/span><br \/><span style=\"font-family: arial, helvetica, sans-serif;\"><a href=\"https:\/\/goo.gl\/maps\/VB89GTU7azL2\" target=\"_blank\" rel=\"noopener noreferrer\">Get Directions<\/a><\/span><\/p><p style=\"text-align: left;\"><span style=\"font-family: arial, helvetica, sans-serif; font-size: 14pt;\">Ll\u00e1menos para programar su cita.<\/span><br \/><span style=\"font-family: arial, helvetica, sans-serif;\">Tel: <a href=\"tel:714-490-2750\">(714) 490-2750<\/a><\/span><\/p><\/div>\n\t\t\t\t<\/div>\n\t\t\t\t<\/div>\n\t\t\t\t\t\t<\/div>\n\t\t\t\t\t<\/div>\n\t\t<\/div>\n\t\t\t\t<div class=\"elementor-column elementor-col-33 elementor-top-column elementor-element elementor-element-1e5898c\" data-id=\"1e5898c\" data-element_type=\"column\">\n\t\t\t<div class=\"elementor-column-wrap elementor-element-populated\">\n\t\t\t\t\t\t\t<div class=\"elementor-widget-wrap\">\n\t\t\t\t\t\t<div class=\"elementor-element elementor-element-07737bb elementor-widget elementor-widget-image\" data-id=\"07737bb\" data-element_type=\"widget\" data-widget_type=\"image.default\">\n\t\t\t\t<div class=\"elementor-widget-container\">\n\t\t\t\t\t<div class=\"elementor-image\">\n\t\t\t\t\t\t\t\t\t\t<img decoding=\"async\" src=\"https:\/\/centralcityhealth.org\/wp-content\/uploads\/2020\/10\/Dental-Lincoln.jpg\" title=\"\" alt=\"\" \/>\t\t\t\t\t\t\t\t\t\t\t<\/div>\n\t\t\t\t<\/div>\n\t\t\t\t<\/div>\n\t\t\t\t<div class=\"elementor-element elementor-element-1f52920 elementor-widget elementor-widget-text-editor\" data-id=\"1f52920\" data-element_type=\"widget\" data-widget_type=\"text-editor.default\">\n\t\t\t\t<div class=\"elementor-widget-container\">\n\t\t\t\t\t<div class=\"elementor-text-editor elementor-clearfix\"><h4 style=\"text-align: left;\"><a href=\"https:\/\/centralcityhealth.org\/locations\/anaheim-community-clinic-lincoln1-2\/\"><span style=\"font-family: arial, helvetica, sans-serif;\"> Anaheim &#8211; Lincoln Health Center <\/span><\/a><\/h4><p><span style=\"font-family: arial, helvetica, sans-serif; font-size: 12pt;\"> 1814 &#8211; 1820 W. Lincoln Avenue<\/span><br \/><span style=\"font-family: arial, helvetica, sans-serif; font-size: 12pt;\">Anaheim, CA 92801<\/span><br \/><span style=\"font-family: arial, helvetica, sans-serif;\"><a href=\" https:\/\/goo.gl\/maps\/7KTRyq6yGtCiv3XS9\" target=\"_blank\" rel=\"noopener noreferrer\">Get Directions<\/a><\/span><\/p><p style=\"text-align: left;\"><span style=\"font-family: arial, helvetica, sans-serif; font-size: 14pt;\">Ll\u00e1menos para programar su cita.<\/span><br \/><span style=\"font-family: arial, helvetica, sans-serif;\">Tel: <a href=\"tel: 714-805-7719\">(714) 805-7719<\/a><\/span><\/p><\/div>\n\t\t\t\t<\/div>\n\t\t\t\t<\/div>\n\t\t\t\t\t\t<\/div>\n\t\t\t\t\t<\/div>\n\t\t<\/div>\n\t\t\t\t<div class=\"elementor-column elementor-col-33 elementor-top-column elementor-element elementor-element-e8f5dde\" data-id=\"e8f5dde\" data-element_type=\"column\">\n\t\t\t<div class=\"elementor-column-wrap elementor-element-populated\">\n\t\t\t\t\t\t\t<div class=\"elementor-widget-wrap\">\n\t\t\t\t\t\t<div class=\"elementor-element elementor-element-6508cb2 elementor-widget elementor-widget-image\" data-id=\"6508cb2\" data-element_type=\"widget\" data-widget_type=\"image.default\">\n\t\t\t\t<div class=\"elementor-widget-container\">\n\t\t\t\t\t<div class=\"elementor-image\">\n\t\t\t\t\t\t\t\t\t\t<img decoding=\"async\" src=\"https:\/\/centralcityhealth.org\/es\/wp-content\/uploads\/elementor\/thumbs\/BP2Med-o83cp81cmfd4sfp9fcefrwxkf4pndfkmybs6972zdq.jpg\" title=\"BP2Med\" alt=\"Baldwin Park - Central City Community Health Center location image\" \/>\t\t\t\t\t\t\t\t\t\t\t<\/div>\n\t\t\t\t<\/div>\n\t\t\t\t<\/div>\n\t\t\t\t<div class=\"elementor-element elementor-element-fa3f46e elementor-widget elementor-widget-text-editor\" data-id=\"fa3f46e\" data-element_type=\"widget\" data-widget_type=\"text-editor.default\">\n\t\t\t\t<div class=\"elementor-widget-container\">\n\t\t\t\t\t<div class=\"elementor-text-editor elementor-clearfix\"><h4 style=\"text-align: left;\"><a href=\"https:\/\/centralcityhealth.org\/locations\/baldwin-park-2\/\"><span style=\"font-family: arial, helvetica, sans-serif;\">Baldwin Park Health Center 2<\/span><\/a><\/h4><p><span style=\"font-family: arial, helvetica, sans-serif; font-size: 12pt;\">4160 N. Main Avenue B1-3<\/span><br \/><span style=\"font-family: arial, helvetica, sans-serif; font-size: 12pt;\">Baldwin Park, CA 91706<\/span><br \/><span style=\"font-family: arial, helvetica, sans-serif;\"><a href=\"https:\/\/goo.gl\/maps\/XHYvGHGSUGfEBWyN7\" target=\"_blank\" rel=\"noopener noreferrer\">Get Directions<\/a><\/span><\/p><p><span style=\"font-family: arial, helvetica, sans-serif; font-size: 14pt;\">Ll\u00e1menos para programar su cita.<\/span><br \/><span style=\"font-family: arial, helvetica, sans-serif;\">Tel: <a href=\"tel:626-384-2400\">(626) 384-2400<\/a><br \/><strong><em>MyHealth LA aceptado en esta ubicaci\u00f3n<\/em><\/strong><\/span><\/p><\/div>\n\t\t\t\t<\/div>\n\t\t\t\t<\/div>\n\t\t\t\t\t\t<\/div>\n\t\t\t\t\t<\/div>\n\t\t<\/div>\n\t\t\t\t\t\t\t\t<\/div>\n\t\t\t\t\t<\/div>\n\t\t<\/section>\n\t\t\t\t<section class=\"elementor-section elementor-top-section elementor-element elementor-element-1a741e4 elementor-section-boxed elementor-section-height-default elementor-section-height-default\" data-id=\"1a741e4\" data-element_type=\"section\">\n\t\t\t\t\t\t<div class=\"elementor-container elementor-column-gap-default\">\n\t\t\t\t\t\t\t<div class=\"elementor-row\">\n\t\t\t\t\t<div class=\"elementor-column elementor-col-33 elementor-top-column elementor-element elementor-element-86da5ab\" data-id=\"86da5ab\" data-element_type=\"column\">\n\t\t\t<div class=\"elementor-column-wrap elementor-element-populated\">\n\t\t\t\t\t\t\t<div class=\"elementor-widget-wrap\">\n\t\t\t\t\t\t<div class=\"elementor-element elementor-element-bb608e4 elementor-widget elementor-widget-image\" data-id=\"bb608e4\" data-element_type=\"widget\" data-widget_type=\"image.default\">\n\t\t\t\t<div class=\"elementor-widget-container\">\n\t\t\t\t\t<div class=\"elementor-image\">\n\t\t\t\t\t\t\t\t\t\t<img decoding=\"async\" src=\"https:\/\/centralcityhealth.org\/es\/wp-content\/uploads\/elementor\/thumbs\/SouthLAMed-1-o816bcs37sfu3umf5kr0a04fbxcb5gy9ndjjob3f6m.jpg\" title=\"OLYMPUS DIGITAL CAMERA\" alt=\"OLYMPUS DIGITAL CAMERA\" \/>\t\t\t\t\t\t\t\t\t\t\t<\/div>\n\t\t\t\t<\/div>\n\t\t\t\t<\/div>\n\t\t\t\t<div class=\"elementor-element elementor-element-a9806f2 elementor-widget elementor-widget-text-editor\" data-id=\"a9806f2\" data-element_type=\"widget\" data-widget_type=\"text-editor.default\">\n\t\t\t\t<div class=\"elementor-widget-container\">\n\t\t\t\t\t<div class=\"elementor-text-editor elementor-clearfix\"><h4 style=\"text-align: left;\"><a href=\"https:\/\/centralcityhealth.org\/locations\/south-los-angeles\/\"><span style=\"font-family: arial, helvetica, sans-serif;\">South Los Angeles Health Center<\/span><\/a><\/h4><p><span style=\"font-family: arial, helvetica, sans-serif; font-size: 12pt;\">5970 S. Central Avenue<\/span><br \/><span style=\"font-family: arial, helvetica, sans-serif; font-size: 12pt;\">Los Angeles, CA 90001<\/span><br \/><span style=\"font-family: arial, helvetica, sans-serif;\"><a href=\"https:\/\/goo.gl\/maps\/4jfMuMYZdBU2\" target=\"_blank\" rel=\"noopener noreferrer\">Get Directions<\/a><\/span><\/p><p><span style=\"font-family: arial, helvetica, sans-serif; font-size: 14pt;\">Ll\u00e1menos para programar su cita.<\/span><br \/><span style=\"font-family: arial, helvetica, sans-serif;\">Tel: <a href=\"tel:323-234-3280\">(323) 234-3280<\/a><br \/><strong><em>MyHealth LA aceptado en esta ubicaci\u00f3n<\/em><\/strong><\/span><\/p><\/div>\n\t\t\t\t<\/div>\n\t\t\t\t<\/div>\n\t\t\t\t\t\t<\/div>\n\t\t\t\t\t<\/div>\n\t\t<\/div>\n\t\t\t\t<div class=\"elementor-column elementor-col-33 elementor-top-column elementor-element elementor-element-b1c98b4\" data-id=\"b1c98b4\" data-element_type=\"column\">\n\t\t\t<div class=\"elementor-column-wrap\">\n\t\t\t\t\t\t\t<div class=\"elementor-widget-wrap\">\n\t\t\t\t\t\t\t\t<\/div>\n\t\t\t\t\t<\/div>\n\t\t<\/div>\n\t\t\t\t<div class=\"elementor-column elementor-col-33 elementor-top-column elementor-element elementor-element-663a06f\" data-id=\"663a06f\" data-element_type=\"column\">\n\t\t\t<div class=\"elementor-column-wrap\">\n\t\t\t\t\t\t\t<div class=\"elementor-widget-wrap\">\n\t\t\t\t\t\t\t\t<\/div>\n\t\t\t\t\t<\/div>\n\t\t<\/div>\n\t\t\t\t\t\t\t\t<\/div>\n\t\t\t\t\t<\/div>\n\t\t<\/section>\n\t\t\t\t\t\t<\/div>\n\t\t\t\t\t\t<\/div>\n\t\t\t\t\t<\/div>\n\t\t","protected":false},"excerpt":{"rendered":"<p>Servicios de atenci\u00f3n dental Central City est\u00e1 tomando medidas de precauci\u00f3n para satisfacer las necesidades dentales de nuestra comunidad mientras se mantiene seguro durante COVID-19..\u00a0 Central City Community ofrece servicios de atenci\u00f3n dental especializada Servicios preventivos ahora ofrecidos Ex\u00e1menes y evaluaciones visuales orales Planes de tratamiento de higiene para la limpieza y la enfermedad de [&hellip;]<\/p>\n","protected":false},"author":1,"featured_media":0,"parent":1893,"menu_order":6,"comment_status":"closed","ping_status":"closed","template":"","meta":{"ocean_post_layout":"","ocean_both_sidebars_style":"","ocean_both_sidebars_content_width":0,"ocean_both_sidebars_sidebars_width":0,"ocean_sidebar":"0","ocean_second_sidebar":"0","ocean_disable_margins":"enable","ocean_add_body_class":"","ocean_shortcode_before_top_bar":"","ocean_shortcode_after_top_bar":"","ocean_shortcode_before_header":"","ocean_shortcode_after_header":"","ocean_has_shortcode":"","ocean_shortcode_after_title":"","ocean_shortcode_before_footer_widgets":"","ocean_shortcode_after_footer_widgets":"","ocean_shortcode_before_footer_bottom":"","ocean_shortcode_after_footer_bottom":"","ocean_display_top_bar":"default","ocean_display_header":"default","ocean_header_style":"","ocean_center_header_left_menu":"0","ocean_custom_header_template":"0","ocean_custom_logo":0,"ocean_custom_retina_logo":0,"ocean_custom_logo_max_width":0,"ocean_custom_logo_tablet_max_width":0,"ocean_custom_logo_mobile_max_width":0,"ocean_custom_logo_max_height":0,"ocean_custom_logo_tablet_max_height":0,"ocean_custom_logo_mobile_max_height":0,"ocean_header_custom_menu":"0","ocean_menu_typo_font_family":"0","ocean_menu_typo_font_subset":"","ocean_menu_typo_font_size":0,"ocean_menu_typo_font_size_tablet":0,"ocean_menu_typo_font_size_mobile":0,"ocean_menu_typo_font_size_unit":"px","ocean_menu_typo_font_weight":"","ocean_menu_typo_font_weight_tablet":"","ocean_menu_typo_font_weight_mobile":"","ocean_menu_typo_transform":"","ocean_menu_typo_transform_tablet":"","ocean_menu_typo_transform_mobile":"","ocean_menu_typo_line_height":0,"ocean_menu_typo_line_height_tablet":0,"ocean_menu_typo_line_height_mobile":0,"ocean_menu_typo_line_height_unit":"","ocean_menu_typo_spacing":0,"ocean_menu_typo_spacing_tablet":0,"ocean_menu_typo_spacing_mobile":0,"ocean_menu_typo_spacing_unit":"","ocean_menu_link_color":"","ocean_menu_link_color_hover":"","ocean_menu_link_color_active":"","ocean_menu_link_background":"","ocean_menu_link_hover_background":"","ocean_menu_link_active_background":"","ocean_menu_social_links_bg":"","ocean_menu_social_hover_links_bg":"","ocean_menu_social_links_color":"","ocean_menu_social_hover_links_color":"","ocean_disable_title":"default","ocean_disable_heading":"default","ocean_post_title":"","ocean_post_subheading":"","ocean_post_title_style":"","ocean_post_title_background_color":"","ocean_post_title_background":0,"ocean_post_title_bg_image_position":"","ocean_post_title_bg_image_attachment":"","ocean_post_title_bg_image_repeat":"","ocean_post_title_bg_image_size":"","ocean_post_title_height":0,"ocean_post_title_bg_overlay":0.5,"ocean_post_title_bg_overlay_color":"","ocean_disable_breadcrumbs":"default","ocean_breadcrumbs_color":"","ocean_breadcrumbs_separator_color":"","ocean_breadcrumbs_links_color":"","ocean_breadcrumbs_links_hover_color":"","ocean_display_footer_widgets":"default","ocean_display_footer_bottom":"default","ocean_custom_footer_template":"0","footnotes":""},"_links":{"self":[{"href":"https:\/\/centralcityhealth.org\/es\/wp-json\/wp\/v2\/pages\/6578"}],"collection":[{"href":"https:\/\/centralcityhealth.org\/es\/wp-json\/wp\/v2\/pages"}],"about":[{"href":"https:\/\/centralcityhealth.org\/es\/wp-json\/wp\/v2\/types\/page"}],"author":[{"embeddable":true,"href":"https:\/\/centralcityhealth.org\/es\/wp-json\/wp\/v2\/users\/1"}],"replies":[{"embeddable":true,"href":"https:\/\/centralcityhealth.org\/es\/wp-json\/wp\/v2\/comments?post=6578"}],"version-history":[{"count":9,"href":"https:\/\/centralcityhealth.org\/es\/wp-json\/wp\/v2\/pages\/6578\/revisions"}],"predecessor-version":[{"id":6589,"href":"https:\/\/centralcityhealth.org\/es\/wp-json\/wp\/v2\/pages\/6578\/revisions\/6589"}],"up":[{"embeddable":true,"href":"https:\/\/centralcityhealth.org\/es\/wp-json\/wp\/v2\/pages\/1893"}],"wp:attachment":[{"href":"https:\/\/centralcityhealth.org\/es\/wp-json\/wp\/v2\/media?parent=6578"}],"curies":[{"name":"wp","href":"https:\/\/api.w.org\/{rel}","templated":true}]}}